{"id":402,"date":"2024-11-20T09:50:19","date_gmt":"2024-11-20T09:50:19","guid":{"rendered":"https:\/\/waganiemowleca.agencjainteraktywna.eu\/?post_type=product&#038;p=402"},"modified":"2024-11-21T13:36:55","modified_gmt":"2024-11-21T13:36:55","slug":"seca-834-z-legalizacja","status":"publish","type":"product","link":"https:\/\/waganiemowleca.agencjainteraktywna.eu\/index.php\/produkt\/seca-834-z-legalizacja\/","title":{"rendered":"SECA 834"},"content":{"rendered":"<p>Waga przeznaczona dla dzieci do 20 kg . Szalka pomiarowa i podstawa, kt\u00f3ra s\u0142u\u017cy jako waga pod\u0142ogowa s\u0105 ze sob\u0105 stabilnie po\u0142\u0105czone, co zapewnia bezpiecze\u0144stwo podczas wa\u017cenia. Poprzez naci\u015bni\u0119cie przycisku, szalka od\u0142\u0105cza si\u0119 od podstawy. W ten spos\u00f3b osi\u0105gamy efekt,, dwa w jednym\u201d. Waga zosta\u0142a wyposa\u017cona w unikatow\u0105 funkcj\u0119 Breast Milk Intake Function , kt\u00f3ra umo\u017cliwia okre\u015blenie ilo\u015bci mleka spo\u017cytego przez niemowl\u0119 podczas karmienia. Solidno\u015b\u0107 i lekko\u015b\u0107 urz\u0105dzenia sprawia, \u017ce doskonale nadaje si\u0119 do transportu, a intuicyjna i prosta obs\u0142uga pozwala na u\u017cytkowanie jej w szpitalach, przychodniach, gabinetach lekarskich oraz podczas wizyt domowych.<\/p>\n","protected":false},"excerpt":{"rendered":"<p>Elektroniczna waga niemowl\u0119ca ze zdejmowan\u0105 szalk\u0105<\/p>\n","protected":false},"featured_media":403,"comment_status":"open","ping_status":"closed","template":"","meta":[],"product_cat":[26],"product_tag":[],"class_list":{"0":"post-402","1":"product","2":"type-product","3":"status-publish","4":"has-post-thumbnail","6":"product_cat-wagi-seca","8":"first","9":"instock","10":"shipping-taxable","11":"product-type-simple"},"_links":{"self":[{"href":"https:\/\/waganiemowleca.agencjainteraktywna.eu\/index.php\/wp-json\/wp\/v2\/product\/402"}],"collection":[{"href":"https:\/\/waganiemowleca.agencjainteraktywna.eu\/index.php\/wp-json\/wp\/v2\/product"}],"about":[{"href":"https:\/\/waganiemowleca.agencjainteraktywna.eu\/index.php\/wp-json\/wp\/v2\/types\/product"}],"replies":[{"embeddable":true,"href":"https:\/\/waganiemowleca.agencjainteraktywna.eu\/index.php\/wp-json\/wp\/v2\/comments?post=402"}],"wp:featuredmedia":[{"embeddable":true,"href":"https:\/\/waganiemowleca.agencjainteraktywna.eu\/index.php\/wp-json\/wp\/v2\/media\/403"}],"wp:attachment":[{"href":"https:\/\/waganiemowleca.agencjainteraktywna.eu\/index.php\/wp-json\/wp\/v2\/media?parent=402"}],"wp:term":[{"taxonomy":"product_cat","embeddable":true,"href":"https:\/\/waganiemowleca.agencjainteraktywna.eu\/index.php\/wp-json\/wp\/v2\/product_cat?post=402"},{"taxonomy":"product_tag","embeddable":true,"href":"https:\/\/waganiemowleca.agencjainteraktywna.eu\/index.php\/wp-json\/wp\/v2\/product_tag?post=402"}],"curies":[{"name":"wp","href":"https:\/\/api.w.org\/{rel}","templated":true}]}}