{"id":398,"date":"2024-11-20T09:45:53","date_gmt":"2024-11-20T09:45:53","guid":{"rendered":"https:\/\/waganiemowleca.agencjainteraktywna.eu\/?post_type=product&#038;p=398"},"modified":"2024-11-20T11:41:39","modified_gmt":"2024-11-20T11:41:39","slug":"seca-336-z-legalizacja","status":"publish","type":"product","link":"https:\/\/waganiemowleca.agencjainteraktywna.eu\/index.php\/produkt\/seca-336-z-legalizacja\/","title":{"rendered":"SECA 336 z legalizacj\u0105"},"content":{"rendered":"<p>Elektroniczna waga niemowl\u0119ca przeznaczona do wa\u017cenia dzieci do 20 kg. Prosta i intuicyjna w obs\u0142udze, a jednocze\u015bnie bardzo estetyczna o solidnej konstrukcji. Z powodzeniem mo\u017ce s\u0142u\u017cy\u0107 jako waga mobilna. Doskonale sprawdza si\u0119 w szpitalach, przychodniach, gabinetach lekarskich oraz podczas wizyt domowych. Wyposa\u017cona zosta\u0142a w funkcj\u0119 TARA i HOLD. Istnieje mo\u017cliwo\u015b\u0107 do\u0142\u0105czenia do wagi wzrostomierza elektronicznego b\u0105d\u017a analogowego oraz zasilacza ( opcje za dodatkow\u0105 op\u0142at\u0105)<\/p>\n","protected":false},"excerpt":{"rendered":"<p>Elektroniczna waga niemowl\u0119ca przeznaczona do wa\u017cenia dzieci do 20 kg. Prosta i intuicyjna w obs\u0142udze, a jednocze\u015bnie bardzo estetyczna o solidnej konstrukcji. Z powodzeniem mo\u017ce s\u0142u\u017cy\u0107 jako waga mobilna. Doskonale sprawdza si\u0119 w szpitalach, przychodniach, gabinetach lekarskich oraz podczas wizyt domowych. Wyposa\u017cona zosta\u0142a w funkcj\u0119 TARA i HOLD. Istnieje mo\u017cliwo\u015b\u0107 do\u0142\u0105czenia do wagi wzrostomierza elektronicznego [&hellip;]<\/p>\n","protected":false},"featured_media":399,"comment_status":"open","ping_status":"closed","template":"","meta":[],"product_cat":[26],"product_tag":[],"class_list":{"0":"post-398","1":"product","2":"type-product","3":"status-publish","4":"has-post-thumbnail","6":"product_cat-wagi-seca","8":"first","9":"instock","10":"shipping-taxable","11":"product-type-simple"},"_links":{"self":[{"href":"https:\/\/waganiemowleca.agencjainteraktywna.eu\/index.php\/wp-json\/wp\/v2\/product\/398"}],"collection":[{"href":"https:\/\/waganiemowleca.agencjainteraktywna.eu\/index.php\/wp-json\/wp\/v2\/product"}],"about":[{"href":"https:\/\/waganiemowleca.agencjainteraktywna.eu\/index.php\/wp-json\/wp\/v2\/types\/product"}],"replies":[{"embeddable":true,"href":"https:\/\/waganiemowleca.agencjainteraktywna.eu\/index.php\/wp-json\/wp\/v2\/comments?post=398"}],"wp:featuredmedia":[{"embeddable":true,"href":"https:\/\/waganiemowleca.agencjainteraktywna.eu\/index.php\/wp-json\/wp\/v2\/media\/399"}],"wp:attachment":[{"href":"https:\/\/waganiemowleca.agencjainteraktywna.eu\/index.php\/wp-json\/wp\/v2\/media?parent=398"}],"wp:term":[{"taxonomy":"product_cat","embeddable":true,"href":"https:\/\/waganiemowleca.agencjainteraktywna.eu\/index.php\/wp-json\/wp\/v2\/product_cat?post=398"},{"taxonomy":"product_tag","embeddable":true,"href":"https:\/\/waganiemowleca.agencjainteraktywna.eu\/index.php\/wp-json\/wp\/v2\/product_tag?post=398"}],"curies":[{"name":"wp","href":"https:\/\/api.w.org\/{rel}","templated":true}]}}