{"id":365,"date":"2024-11-19T10:54:33","date_gmt":"2024-11-19T10:54:33","guid":{"rendered":"https:\/\/waganiemowleca.agencjainteraktywna.eu\/?page_id=365"},"modified":"2024-11-20T12:41:06","modified_gmt":"2024-11-20T12:41:06","slug":"wagi-seca","status":"publish","type":"page","link":"https:\/\/waganiemowleca.agencjainteraktywna.eu\/index.php\/wagi-seca\/","title":{"rendered":"Wagi Seca"},"content":{"rendered":"\t\t<div data-elementor-type=\"wp-page\" data-elementor-id=\"365\" class=\"elementor elementor-365\" data-elementor-post-type=\"page\">\n\t\t\t\t\t\t<section class=\"elementor-section elementor-top-section elementor-element elementor-element-51ceb1e4 elementor-section-height-min-height elementor-section-boxed elementor-section-height-default elementor-section-items-middle\" data-id=\"51ceb1e4\" data-element_type=\"section\" data-settings=\"{&quot;background_background&quot;:&quot;classic&quot;,&quot;shape_divider_bottom&quot;:&quot;curve-asymmetrical&quot;,&quot;shape_divider_bottom_negative&quot;:&quot;yes&quot;,&quot;_ha_eqh_enable&quot;:false}\">\n\t\t\t\t\t\t\t<div class=\"elementor-background-overlay\"><\/div>\n\t\t\t\t\t\t<div class=\"elementor-shape elementor-shape-bottom\" data-negative=\"true\">\n\t\t\t<svg xmlns=\"http:\/\/www.w3.org\/2000\/svg\" viewBox=\"0 0 1000 100\" preserveAspectRatio=\"none\">\n\t<path class=\"elementor-shape-fill\" d=\"M615.2,96.7C240.2,97.8,0,18.9,0,0v100h1000V0C1000,19.2,989.8,96,615.2,96.7z\"\/>\n<\/svg>\t\t<\/div>\n\t\t\t\t\t<div class=\"elementor-container elementor-column-gap-default\">\n\t\t\t\t\t<div class=\"elementor-column elementor-col-100 elementor-top-column elementor-element elementor-element-7cd52470\" data-id=\"7cd52470\" data-element_type=\"column\">\n\t\t\t<div class=\"elementor-widget-wrap elementor-element-populated\">\n\t\t\t\t\t\t<div class=\"elementor-element elementor-element-26dc605a elementor-widget elementor-widget-heading\" data-id=\"26dc605a\" data-element_type=\"widget\" data-widget_type=\"heading.default\">\n\t\t\t\t<div class=\"elementor-widget-container\">\n\t\t\t<h1 class=\"elementor-heading-title elementor-size-default\">Wagi Seca\n<\/h1>\t\t<\/div>\n\t\t\t\t<\/div>\n\t\t\t\t\t<\/div>\n\t\t<\/div>\n\t\t\t\t\t<\/div>\n\t\t<\/section>\n\t\t\t\t<section class=\"elementor-section elementor-top-section elementor-element elementor-element-151a5556 elementor-section-boxed elementor-section-height-default elementor-section-height-default\" data-id=\"151a5556\" data-element_type=\"section\" data-settings=\"{&quot;_ha_eqh_enable&quot;:false}\">\n\t\t\t\t\t\t\t<div class=\"elementor-background-overlay\"><\/div>\n\t\t\t\t\t\t\t<div class=\"elementor-container elementor-column-gap-default\">\n\t\t\t\t\t<div class=\"elementor-column elementor-col-100 elementor-top-column elementor-element elementor-element-8d0a44c\" data-id=\"8d0a44c\" data-element_type=\"column\">\n\t\t\t<div class=\"elementor-widget-wrap elementor-element-populated\">\n\t\t\t\t\t\t<div class=\"elementor-element elementor-element-6bd5ef2 elementor-grid-3 elementor-product-loop-item--align-center elementor-grid-tablet-3 elementor-grid-mobile-2 elementor-products-grid elementor-wc-products elementor-widget elementor-widget-woocommerce-products\" data-id=\"6bd5ef2\" data-element_type=\"widget\" data-widget_type=\"woocommerce-products.default\">\n\t\t\t\t<div class=\"elementor-widget-container\">\n\t\t\t<div class=\"woocommerce columns-3 \"><ul class=\"products elementor-grid columns-3\">\n<li class=\"product type-product post-402 status-publish first instock product_cat-wagi-seca has-post-thumbnail shipping-taxable product-type-simple\">\n\t<a href=\"https:\/\/waganiemowleca.agencjainteraktywna.eu\/index.php\/produkt\/seca-834-z-legalizacja\/\" class=\"woocommerce-LoopProduct-link woocommerce-loop-product__link\"><img fetchpriority=\"high\" decoding=\"async\" width=\"300\" height=\"300\" src=\"https:\/\/waganiemowleca.agencjainteraktywna.eu\/wp-content\/uploads\/2024\/11\/3seca1-300x300.jpg\" class=\"attachment-woocommerce_thumbnail size-woocommerce_thumbnail\" alt=\"\" srcset=\"https:\/\/waganiemowleca.agencjainteraktywna.eu\/wp-content\/uploads\/2024\/11\/3seca1-300x300.jpg 300w, https:\/\/waganiemowleca.agencjainteraktywna.eu\/wp-content\/uploads\/2024\/11\/3seca1-150x150.jpg 150w, https:\/\/waganiemowleca.agencjainteraktywna.eu\/wp-content\/uploads\/2024\/11\/3seca1-768x768.jpg 768w, https:\/\/waganiemowleca.agencjainteraktywna.eu\/wp-content\/uploads\/2024\/11\/3seca1-600x600.jpg 600w, https:\/\/waganiemowleca.agencjainteraktywna.eu\/wp-content\/uploads\/2024\/11\/3seca1-100x100.jpg 100w, https:\/\/waganiemowleca.agencjainteraktywna.eu\/wp-content\/uploads\/2024\/11\/3seca1.jpg 800w\" sizes=\"(max-width: 300px) 100vw, 300px\" \/><h2 class=\"woocommerce-loop-product__title\">SECA 834<\/h2>\n<\/a><div class=\"woocommerce-loop-product__buttons\"><a href=\"https:\/\/waganiemowleca.agencjainteraktywna.eu\/index.php\/produkt\/seca-834-z-legalizacja\/\" aria-describedby=\"woocommerce_loop_add_to_cart_link_describedby_402\" data-quantity=\"1\" class=\"button product_type_simple\" data-product_id=\"402\" data-product_sku=\"\" aria-label=\"Przeczytaj wi\u0119cej o &bdquo;SECA 834&rdquo;\" rel=\"nofollow\" data-success_message=\"\">Dowiedz si\u0119 wi\u0119cej<\/a><\/div>\t<span id=\"woocommerce_loop_add_to_cart_link_describedby_402\" class=\"screen-reader-text\">\n\t\t\t<\/span>\n<\/li>\n<li class=\"product type-product post-398 status-publish instock product_cat-wagi-seca has-post-thumbnail shipping-taxable product-type-simple\">\n\t<a href=\"https:\/\/waganiemowleca.agencjainteraktywna.eu\/index.php\/produkt\/seca-336-z-legalizacja\/\" class=\"woocommerce-LoopProduct-link woocommerce-loop-product__link\"><img decoding=\"async\" width=\"300\" height=\"300\" src=\"https:\/\/waganiemowleca.agencjainteraktywna.eu\/wp-content\/uploads\/2024\/11\/2seca1-300x300.jpg\" class=\"attachment-woocommerce_thumbnail size-woocommerce_thumbnail\" alt=\"\" srcset=\"https:\/\/waganiemowleca.agencjainteraktywna.eu\/wp-content\/uploads\/2024\/11\/2seca1-300x300.jpg 300w, https:\/\/waganiemowleca.agencjainteraktywna.eu\/wp-content\/uploads\/2024\/11\/2seca1-150x150.jpg 150w, https:\/\/waganiemowleca.agencjainteraktywna.eu\/wp-content\/uploads\/2024\/11\/2seca1-768x768.jpg 768w, https:\/\/waganiemowleca.agencjainteraktywna.eu\/wp-content\/uploads\/2024\/11\/2seca1-600x600.jpg 600w, https:\/\/waganiemowleca.agencjainteraktywna.eu\/wp-content\/uploads\/2024\/11\/2seca1-100x100.jpg 100w, https:\/\/waganiemowleca.agencjainteraktywna.eu\/wp-content\/uploads\/2024\/11\/2seca1.jpg 800w\" sizes=\"(max-width: 300px) 100vw, 300px\" \/><h2 class=\"woocommerce-loop-product__title\">SECA 336 z legalizacj\u0105<\/h2>\n<\/a><div class=\"woocommerce-loop-product__buttons\"><a href=\"https:\/\/waganiemowleca.agencjainteraktywna.eu\/index.php\/produkt\/seca-336-z-legalizacja\/\" aria-describedby=\"woocommerce_loop_add_to_cart_link_describedby_398\" data-quantity=\"1\" class=\"button product_type_simple\" data-product_id=\"398\" data-product_sku=\"\" aria-label=\"Przeczytaj wi\u0119cej o &bdquo;SECA 336 z legalizacj\u0105&rdquo;\" rel=\"nofollow\" data-success_message=\"\">Dowiedz si\u0119 wi\u0119cej<\/a><\/div>\t<span id=\"woocommerce_loop_add_to_cart_link_describedby_398\" class=\"screen-reader-text\">\n\t\t\t<\/span>\n<\/li>\n<li class=\"product type-product post-393 status-publish last instock product_cat-wagi-seca has-post-thumbnail shipping-taxable product-type-simple\">\n\t<a href=\"https:\/\/waganiemowleca.agencjainteraktywna.eu\/index.php\/produkt\/seca-336-z-legalizacja-ze-wzrostomiarka-mechaniczna\/\" class=\"woocommerce-LoopProduct-link woocommerce-loop-product__link\"><img decoding=\"async\" width=\"300\" height=\"300\" src=\"https:\/\/waganiemowleca.agencjainteraktywna.eu\/wp-content\/uploads\/2024\/11\/1seca1-300x300.jpg\" class=\"attachment-woocommerce_thumbnail size-woocommerce_thumbnail\" alt=\"\" srcset=\"https:\/\/waganiemowleca.agencjainteraktywna.eu\/wp-content\/uploads\/2024\/11\/1seca1-300x300.jpg 300w, https:\/\/waganiemowleca.agencjainteraktywna.eu\/wp-content\/uploads\/2024\/11\/1seca1-150x150.jpg 150w, https:\/\/waganiemowleca.agencjainteraktywna.eu\/wp-content\/uploads\/2024\/11\/1seca1-768x768.jpg 768w, https:\/\/waganiemowleca.agencjainteraktywna.eu\/wp-content\/uploads\/2024\/11\/1seca1-600x600.jpg 600w, https:\/\/waganiemowleca.agencjainteraktywna.eu\/wp-content\/uploads\/2024\/11\/1seca1-100x100.jpg 100w, https:\/\/waganiemowleca.agencjainteraktywna.eu\/wp-content\/uploads\/2024\/11\/1seca1.jpg 800w\" sizes=\"(max-width: 300px) 100vw, 300px\" \/><h2 class=\"woocommerce-loop-product__title\">SECA 336 z legalizacj\u0105 ze wzrostomiark\u0105 mechaniczn\u0105<\/h2>\n<\/a><div class=\"woocommerce-loop-product__buttons\"><a href=\"https:\/\/waganiemowleca.agencjainteraktywna.eu\/index.php\/produkt\/seca-336-z-legalizacja-ze-wzrostomiarka-mechaniczna\/\" aria-describedby=\"woocommerce_loop_add_to_cart_link_describedby_393\" data-quantity=\"1\" class=\"button product_type_simple\" data-product_id=\"393\" data-product_sku=\"\" aria-label=\"Przeczytaj wi\u0119cej o &bdquo;SECA 336 z legalizacj\u0105 ze wzrostomiark\u0105 mechaniczn\u0105&rdquo;\" rel=\"nofollow\" data-success_message=\"\">Dowiedz si\u0119 wi\u0119cej<\/a><\/div>\t<span id=\"woocommerce_loop_add_to_cart_link_describedby_393\" class=\"screen-reader-text\">\n\t\t\t<\/span>\n<\/li>\n<\/ul>\n<\/div>\t\t<\/div>\n\t\t\t\t<\/div>\n\t\t\t\t\t<\/div>\n\t\t<\/div>\n\t\t\t\t\t<\/div>\n\t\t<\/section>\n\t\t\t\t<\/div>\n\t\t","protected":false},"excerpt":{"rendered":"<p>Wagi Seca<\/p>\n","protected":false},"author":2,"featured_media":0,"parent":0,"menu_order":0,"comment_status":"closed","ping_status":"closed","template":"elementor_header_footer","meta":{"footnotes":""},"class_list":["post-365","page","type-page","status-publish","hentry"],"_links":{"self":[{"href":"https:\/\/waganiemowleca.agencjainteraktywna.eu\/index.php\/wp-json\/wp\/v2\/pages\/365"}],"collection":[{"href":"https:\/\/waganiemowleca.agencjainteraktywna.eu\/index.php\/wp-json\/wp\/v2\/pages"}],"about":[{"href":"https:\/\/waganiemowleca.agencjainteraktywna.eu\/index.php\/wp-json\/wp\/v2\/types\/page"}],"author":[{"embeddable":true,"href":"https:\/\/waganiemowleca.agencjainteraktywna.eu\/index.php\/wp-json\/wp\/v2\/users\/2"}],"replies":[{"embeddable":true,"href":"https:\/\/waganiemowleca.agencjainteraktywna.eu\/index.php\/wp-json\/wp\/v2\/comments?post=365"}],"version-history":[{"count":25,"href":"https:\/\/waganiemowleca.agencjainteraktywna.eu\/index.php\/wp-json\/wp\/v2\/pages\/365\/revisions"}],"predecessor-version":[{"id":442,"href":"https:\/\/waganiemowleca.agencjainteraktywna.eu\/index.php\/wp-json\/wp\/v2\/pages\/365\/revisions\/442"}],"wp:attachment":[{"href":"https:\/\/waganiemowleca.agencjainteraktywna.eu\/index.php\/wp-json\/wp\/v2\/media?parent=365"}],"curies":[{"name":"wp","href":"https:\/\/api.w.org\/{rel}","templated":true}]}}